{"id":8933,"date":"2024-04-22T17:26:32","date_gmt":"2024-04-22T15:26:32","guid":{"rendered":"https:\/\/www.bauten.berlin\/de\/?page_id=8933"},"modified":"2025-09-02T16:54:12","modified_gmt":"2025-09-02T14:54:12","slug":"lianas-trellis-impressum","status":"publish","type":"page","link":"https:\/\/www.bauten.berlin\/de\/lianas-trellis-impressum\/","title":{"rendered":"LIANAS TRELLIS Impressum"},"content":{"rendered":"\t\t<div data-elementor-type=\"wp-page\" data-elementor-id=\"8933\" class=\"elementor elementor-8933\" data-elementor-post-type=\"page\">\n\t\t\t\t\t\t<section class=\"elementor-section elementor-top-section elementor-element elementor-element-26bbddc elementor-section-full_width elementor-section-height-min-height elementor-section-items-top elementor-section-content-top elementor-section-height-default\" data-id=\"26bbddc\" data-element_type=\"section\" data-e-type=\"section\" data-settings=\"{&quot;background_background&quot;:&quot;classic&quot;,&quot;sticky&quot;:&quot;top&quot;,&quot;sticky_on&quot;:[&quot;desktop&quot;,&quot;tablet&quot;,&quot;mobile&quot;],&quot;sticky_offset&quot;:0,&quot;sticky_effects_offset&quot;:0,&quot;sticky_anchor_link_offset&quot;:0}\">\n\t\t\t\t\t\t<div class=\"elementor-container elementor-column-gap-no\">\n\t\t\t\t\t<div class=\"elementor-column elementor-col-100 elementor-top-column elementor-element elementor-element-6aa9b7c9\" data-id=\"6aa9b7c9\" data-element_type=\"column\" data-e-type=\"column\">\n\t\t\t<div class=\"elementor-widget-wrap elementor-element-populated\">\n\t\t\t\t\t\t<section class=\"elementor-section elementor-inner-section elementor-element elementor-element-4fc811ce elementor-section-full_width elementor-section-height-min-height elementor-section-content-bottom elementor-section-height-default\" data-id=\"4fc811ce\" data-element_type=\"section\" data-e-type=\"section\" data-settings=\"{&quot;background_background&quot;:&quot;classic&quot;}\">\n\t\t\t\t\t\t\t<div class=\"elementor-background-overlay\"><\/div>\n\t\t\t\t\t\t\t<div class=\"elementor-container elementor-column-gap-no\">\n\t\t\t\t\t<div class=\"elementor-column elementor-col-100 elementor-inner-column elementor-element elementor-element-130ac0fd\" data-id=\"130ac0fd\" data-element_type=\"column\" data-e-type=\"column\">\n\t\t\t<div class=\"elementor-widget-wrap elementor-element-populated\">\n\t\t\t\t\t\t<div class=\"elementor-element elementor-element-320069e3 animated-slow elementor-invisible elementor-widget elementor-widget-heading\" data-id=\"320069e3\" data-element_type=\"widget\" data-e-type=\"widget\" data-settings=\"{&quot;_animation&quot;:&quot;bounceInLeft&quot;,&quot;_animation_delay&quot;:800}\" data-widget_type=\"heading.default\">\n\t\t\t\t<div class=\"elementor-widget-container\">\n\t\t\t\t\t<h1 class=\"elementor-heading-title elementor-size-default\">Impressum<\/h1>\t\t\t\t<\/div>\n\t\t\t\t<\/div>\n\t\t\t\t\t<\/div>\n\t\t<\/div>\n\t\t\t\t\t<\/div>\n\t\t<\/section>\n\t\t\t\t\t<\/div>\n\t\t<\/div>\n\t\t\t\t\t<\/div>\n\t\t<\/section>\n\t\t\t\t<section class=\"elementor-section elementor-top-section elementor-element elementor-element-7c9f874 elementor-section-boxed elementor-section-height-default elementor-section-height-default\" data-id=\"7c9f874\" data-element_type=\"section\" data-e-type=\"section\">\n\t\t\t\t\t\t<div class=\"elementor-container elementor-column-gap-default\">\n\t\t\t\t\t<div class=\"elementor-column elementor-col-100 elementor-top-column elementor-element elementor-element-cb39c4b\" data-id=\"cb39c4b\" data-element_type=\"column\" data-e-type=\"column\">\n\t\t\t<div class=\"elementor-widget-wrap elementor-element-populated\">\n\t\t\t\t\t\t<div class=\"elementor-element elementor-element-468006c elementor-widget elementor-widget-text-editor\" data-id=\"468006c\" data-element_type=\"widget\" data-e-type=\"widget\" data-widget_type=\"text-editor.default\">\n\t\t\t\t<div class=\"elementor-widget-container\">\n\t\t\t\t\t\t\t\t\tLIANAS TRELLIS ist ein Projekt der:<br \/><br \/>\n<strong>TF Leicht Bauten Berlin GmbH<\/strong><br \/>\nKnobelsdorffstra\u00dfe 23<br \/>\nD \u2013 14059 Berlin\t\t\t\t\t\t\t\t<\/div>\n\t\t\t\t<\/div>\n\t\t\t\t<div class=\"elementor-element elementor-element-6833938 elementor-widget elementor-widget-text-editor\" data-id=\"6833938\" data-element_type=\"widget\" data-e-type=\"widget\" data-widget_type=\"text-editor.default\">\n\t\t\t\t<div class=\"elementor-widget-container\">\n\t\t\t\t\t\t\t\t\tTelefon +49 30 844 27 073<br \/>\nTelefax +49 30 844 26 397<br \/>\nE-Mail:\u00a0<a style=\"color: #4f8f5c;\" href=\"&#x6d;&#x61;&#x69;&#x6c;&#116;&#111;&#58;&#105;nfo&#x40;&#x6c;&#x69;&#x61;&#x6e;&#97;&#115;&#116;rel&#x6c;&#x69;&#x73;&#x2e;&#x64;&#101;\" target=\"_blank\" rel=\"noopener\">&#x69;&#110;f&#x6f;&#x40;&#108;i&#x61;&#x6e;&#97;s&#x74;&#x72;&#101;l&#x6c;&#x69;&#115;&#46;&#x64;&#101;<\/a>\t\t\t\t\t\t\t\t<\/div>\n\t\t\t\t<\/div>\n\t\t\t\t<div class=\"elementor-element elementor-element-6de5715 elementor-widget elementor-widget-text-editor\" data-id=\"6de5715\" data-element_type=\"widget\" data-e-type=\"widget\" data-widget_type=\"text-editor.default\">\n\t\t\t\t<div class=\"elementor-widget-container\">\n\t\t\t\t\t\t\t\t\t<p>Gesch\u00e4ftsf\u00fchrer:\u00a0Dipl.-Ing. Torsten\u00a0Frank<\/p>\t\t\t\t\t\t\t\t<\/div>\n\t\t\t\t<\/div>\n\t\t\t\t<div class=\"elementor-element elementor-element-495fa5e elementor-widget elementor-widget-text-editor\" data-id=\"495fa5e\" data-element_type=\"widget\" data-e-type=\"widget\" data-widget_type=\"text-editor.default\">\n\t\t\t\t<div class=\"elementor-widget-container\">\n\t\t\t\t\t\t\t\t\t<p>Registergericht: Berlin-Charlottenburg<br \/>Registernummer: HRB 199583<\/p>\t\t\t\t\t\t\t\t<\/div>\n\t\t\t\t<\/div>\n\t\t\t\t<div class=\"elementor-element elementor-element-c16f930 elementor-widget elementor-widget-text-editor\" data-id=\"c16f930\" data-element_type=\"widget\" data-e-type=\"widget\" data-widget_type=\"text-editor.default\">\n\t\t\t\t<div class=\"elementor-widget-container\">\n\t\t\t\t\t\t\t\t\t<p>Umsatzsteuer-Identifikationsnummer gem\u00e4\u00df \u00a7 27 a Umsatzsteuergesetz: DE322173105<\/p>\t\t\t\t\t\t\t\t<\/div>\n\t\t\t\t<\/div>\n\t\t\t\t<div class=\"elementor-element elementor-element-645f48a elementor-widget elementor-widget-text-editor\" data-id=\"645f48a\" data-element_type=\"widget\" data-e-type=\"widget\" data-widget_type=\"text-editor.default\">\n\t\t\t\t<div class=\"elementor-widget-container\">\n\t\t\t\t\t\t\t\t\t<p>Inhaltlich verantwortlich gem\u00e4\u00df \u00a7 55 Abs. 2 RStV: Dipl.-Ing. Torsten Frank (Anschrift wie oben)<\/p>\t\t\t\t\t\t\t\t<\/div>\n\t\t\t\t<\/div>\n\t\t\t\t<div class=\"elementor-element elementor-element-8fec37f elementor-widget elementor-widget-text-editor\" data-id=\"8fec37f\" data-element_type=\"widget\" data-e-type=\"widget\" data-widget_type=\"text-editor.default\">\n\t\t\t\t<div class=\"elementor-widget-container\">\n\t\t\t\t\t\t\t\t\t<p><strong><em>Haftungshinweis:<\/em><\/strong><br \/>Trotz sorgf\u00e4ltiger inhaltlicher Kontrolle \u00fcbernehmen wir keine Haftung f\u00fcr die Inhalte externer Links. F\u00fcr den Inhalt der verlinkten Seiten sind ausschlie\u00dflich deren Betreiber verantwortlich.<\/p>\t\t\t\t\t\t\t\t<\/div>\n\t\t\t\t<\/div>\n\t\t\t\t\t<\/div>\n\t\t<\/div>\n\t\t\t\t\t<\/div>\n\t\t<\/section>\n\t\t\t\t<\/div>\n\t\t","protected":false},"excerpt":{"rendered":"<p>Impressum LIANAS TRELLIS ist ein Projekt der: TF Leicht Bauten Berlin GmbH Knobelsdorffstra\u00dfe 23 D \u2013 14059 BerlinTelefon +49 30 844 27 073 Telefax +49 30 844 26 397 E-Mail:\u00a0inf&#111;&#64;&#108;&#105;&#x61;&#x6e;&#x61;&#x73;&#x74;&#x72;&#x65;lli&#115;&#46;&#100;&#101; Gesch\u00e4ftsf\u00fchrer:\u00a0Dipl.-Ing. Torsten\u00a0Frank Registergericht: Berlin-CharlottenburgRegisternummer: HRB 199583 Umsatzsteuer-Identifikationsnummer gem\u00e4\u00df \u00a7 27 a Umsatzsteuergesetz: DE322173105 Inhaltlich verantwortlich gem\u00e4\u00df \u00a7 55 Abs. 2 RStV: Dipl.-Ing. Torsten Frank (Anschrift [&hellip;]<\/p>\n","protected":false},"author":1,"featured_media":0,"parent":0,"menu_order":0,"comment_status":"closed","ping_status":"closed","template":"elementor_header_footer","meta":{"footnotes":""},"class_list":["post-8933","page","type-page","status-publish","hentry"],"yoast_head":"<!-- This site is optimized with the Yoast SEO plugin v27.5 - https:\/\/yoast.com\/product\/yoast-seo-wordpress\/ -->\n<title>LIANAS TRELLIS Impressum<\/title>\n<meta name=\"description\" content=\"Hier finden Sie das Impressum von LIANAS TRELLIS.\" \/>\n<meta name=\"robots\" content=\"index, follow, max-snippet:-1, max-image-preview:large, max-video-preview:-1\" \/>\n<link rel=\"canonical\" href=\"https:\/\/www.bauten.berlin\/de\/lianas-trellis-impressum\/\" \/>\n<meta property=\"og:locale\" content=\"de_DE\" \/>\n<meta property=\"og:type\" content=\"article\" \/>\n<meta property=\"og:title\" content=\"LIANAS TRELLIS Impressum\" \/>\n<meta property=\"og:description\" content=\"Hier finden Sie das Impressum von LIANAS TRELLIS.\" \/>\n<meta property=\"og:url\" content=\"https:\/\/www.bauten.berlin\/de\/lianas-trellis-impressum\/\" \/>\n<meta property=\"og:site_name\" content=\"Leicht Bauten Berlin GmbH\" \/>\n<meta property=\"article:modified_time\" content=\"2025-09-02T14:54:12+00:00\" \/>\n<meta name=\"twitter:card\" content=\"summary_large_image\" \/>\n<meta name=\"twitter:label1\" content=\"Gesch\u00e4tzte Lesezeit\" \/>\n\t<meta name=\"twitter:data1\" content=\"1\u00a0Minute\" \/>\n<script type=\"application\/ld+json\" class=\"yoast-schema-graph\">{\"@context\":\"https:\\\/\\\/schema.org\",\"@graph\":[{\"@type\":\"WebPage\",\"@id\":\"https:\\\/\\\/www.bauten.berlin\\\/de\\\/lianas-trellis-impressum\\\/\",\"url\":\"https:\\\/\\\/www.bauten.berlin\\\/de\\\/lianas-trellis-impressum\\\/\",\"name\":\"LIANAS TRELLIS Impressum\",\"isPartOf\":{\"@id\":\"https:\\\/\\\/www.bauten.berlin\\\/de\\\/#website\"},\"datePublished\":\"2024-04-22T15:26:32+00:00\",\"dateModified\":\"2025-09-02T14:54:12+00:00\",\"description\":\"Hier finden Sie das Impressum von LIANAS TRELLIS.\",\"breadcrumb\":{\"@id\":\"https:\\\/\\\/www.bauten.berlin\\\/de\\\/lianas-trellis-impressum\\\/#breadcrumb\"},\"inLanguage\":\"de\",\"potentialAction\":[{\"@type\":\"ReadAction\",\"target\":[\"https:\\\/\\\/www.bauten.berlin\\\/de\\\/lianas-trellis-impressum\\\/\"]}]},{\"@type\":\"BreadcrumbList\",\"@id\":\"https:\\\/\\\/www.bauten.berlin\\\/de\\\/lianas-trellis-impressum\\\/#breadcrumb\",\"itemListElement\":[{\"@type\":\"ListItem\",\"position\":1,\"name\":\"Leicht Bauten\",\"item\":\"https:\\\/\\\/www.bauten.berlin\\\/de\\\/\"},{\"@type\":\"ListItem\",\"position\":2,\"name\":\"LIANAS TRELLIS Impressum\"}]},{\"@type\":\"WebSite\",\"@id\":\"https:\\\/\\\/www.bauten.berlin\\\/de\\\/#website\",\"url\":\"https:\\\/\\\/www.bauten.berlin\\\/de\\\/\",\"name\":\"Leicht Bauten Berlin GmbH\",\"description\":\"Filigrane Konstruktionen im \u00f6ffentlichen Raum\",\"publisher\":{\"@id\":\"https:\\\/\\\/www.bauten.berlin\\\/de\\\/#organization\"},\"potentialAction\":[{\"@type\":\"SearchAction\",\"target\":{\"@type\":\"EntryPoint\",\"urlTemplate\":\"https:\\\/\\\/www.bauten.berlin\\\/de\\\/?s={search_term_string}\"},\"query-input\":{\"@type\":\"PropertyValueSpecification\",\"valueRequired\":true,\"valueName\":\"search_term_string\"}}],\"inLanguage\":\"de\"},{\"@type\":\"Organization\",\"@id\":\"https:\\\/\\\/www.bauten.berlin\\\/de\\\/#organization\",\"name\":\"Leicht Bauten Berlin GmbH\",\"url\":\"https:\\\/\\\/www.bauten.berlin\\\/de\\\/\",\"logo\":{\"@type\":\"ImageObject\",\"inLanguage\":\"de\",\"@id\":\"https:\\\/\\\/www.bauten.berlin\\\/de\\\/#\\\/schema\\\/logo\\\/image\\\/\",\"url\":\"https:\\\/\\\/www.bauten.berlin\\\/de\\\/wp-content\\\/uploads\\\/2023\\\/05\\\/cropped-favicon.png\",\"contentUrl\":\"https:\\\/\\\/www.bauten.berlin\\\/de\\\/wp-content\\\/uploads\\\/2023\\\/05\\\/cropped-favicon.png\",\"width\":512,\"height\":512,\"caption\":\"Leicht Bauten Berlin GmbH\"},\"image\":{\"@id\":\"https:\\\/\\\/www.bauten.berlin\\\/de\\\/#\\\/schema\\\/logo\\\/image\\\/\"}}]}<\/script>\n<!-- \/ Yoast SEO plugin. -->","yoast_head_json":{"title":"LIANAS TRELLIS Impressum","description":"Hier finden Sie das Impressum von LIANAS TRELLIS.","robots":{"index":"index","follow":"follow","max-snippet":"max-snippet:-1","max-image-preview":"max-image-preview:large","max-video-preview":"max-video-preview:-1"},"canonical":"https:\/\/www.bauten.berlin\/de\/lianas-trellis-impressum\/","og_locale":"de_DE","og_type":"article","og_title":"LIANAS TRELLIS Impressum","og_description":"Hier finden Sie das Impressum von LIANAS TRELLIS.","og_url":"https:\/\/www.bauten.berlin\/de\/lianas-trellis-impressum\/","og_site_name":"Leicht Bauten Berlin GmbH","article_modified_time":"2025-09-02T14:54:12+00:00","twitter_card":"summary_large_image","twitter_misc":{"Gesch\u00e4tzte Lesezeit":"1\u00a0Minute"},"schema":{"@context":"https:\/\/schema.org","@graph":[{"@type":"WebPage","@id":"https:\/\/www.bauten.berlin\/de\/lianas-trellis-impressum\/","url":"https:\/\/www.bauten.berlin\/de\/lianas-trellis-impressum\/","name":"LIANAS TRELLIS Impressum","isPartOf":{"@id":"https:\/\/www.bauten.berlin\/de\/#website"},"datePublished":"2024-04-22T15:26:32+00:00","dateModified":"2025-09-02T14:54:12+00:00","description":"Hier finden Sie das Impressum von LIANAS TRELLIS.","breadcrumb":{"@id":"https:\/\/www.bauten.berlin\/de\/lianas-trellis-impressum\/#breadcrumb"},"inLanguage":"de","potentialAction":[{"@type":"ReadAction","target":["https:\/\/www.bauten.berlin\/de\/lianas-trellis-impressum\/"]}]},{"@type":"BreadcrumbList","@id":"https:\/\/www.bauten.berlin\/de\/lianas-trellis-impressum\/#breadcrumb","itemListElement":[{"@type":"ListItem","position":1,"name":"Leicht Bauten","item":"https:\/\/www.bauten.berlin\/de\/"},{"@type":"ListItem","position":2,"name":"LIANAS TRELLIS Impressum"}]},{"@type":"WebSite","@id":"https:\/\/www.bauten.berlin\/de\/#website","url":"https:\/\/www.bauten.berlin\/de\/","name":"Leicht Bauten Berlin GmbH","description":"Filigrane Konstruktionen im \u00f6ffentlichen Raum","publisher":{"@id":"https:\/\/www.bauten.berlin\/de\/#organization"},"potentialAction":[{"@type":"SearchAction","target":{"@type":"EntryPoint","urlTemplate":"https:\/\/www.bauten.berlin\/de\/?s={search_term_string}"},"query-input":{"@type":"PropertyValueSpecification","valueRequired":true,"valueName":"search_term_string"}}],"inLanguage":"de"},{"@type":"Organization","@id":"https:\/\/www.bauten.berlin\/de\/#organization","name":"Leicht Bauten Berlin GmbH","url":"https:\/\/www.bauten.berlin\/de\/","logo":{"@type":"ImageObject","inLanguage":"de","@id":"https:\/\/www.bauten.berlin\/de\/#\/schema\/logo\/image\/","url":"https:\/\/www.bauten.berlin\/de\/wp-content\/uploads\/2023\/05\/cropped-favicon.png","contentUrl":"https:\/\/www.bauten.berlin\/de\/wp-content\/uploads\/2023\/05\/cropped-favicon.png","width":512,"height":512,"caption":"Leicht Bauten Berlin GmbH"},"image":{"@id":"https:\/\/www.bauten.berlin\/de\/#\/schema\/logo\/image\/"}}]}},"_links":{"self":[{"href":"https:\/\/www.bauten.berlin\/de\/wp-json\/wp\/v2\/pages\/8933","targetHints":{"allow":["GET"]}}],"collection":[{"href":"https:\/\/www.bauten.berlin\/de\/wp-json\/wp\/v2\/pages"}],"about":[{"href":"https:\/\/www.bauten.berlin\/de\/wp-json\/wp\/v2\/types\/page"}],"author":[{"embeddable":true,"href":"https:\/\/www.bauten.berlin\/de\/wp-json\/wp\/v2\/users\/1"}],"replies":[{"embeddable":true,"href":"https:\/\/www.bauten.berlin\/de\/wp-json\/wp\/v2\/comments?post=8933"}],"version-history":[{"count":0,"href":"https:\/\/www.bauten.berlin\/de\/wp-json\/wp\/v2\/pages\/8933\/revisions"}],"wp:attachment":[{"href":"https:\/\/www.bauten.berlin\/de\/wp-json\/wp\/v2\/media?parent=8933"}],"curies":[{"name":"wp","href":"https:\/\/api.w.org\/{rel}","templated":true}]}}