{"id":2836,"date":"2023-04-21T15:10:03","date_gmt":"2023-04-21T13:10:03","guid":{"rendered":"https:\/\/www.bauten.berlin\/de\/?page_id=2836"},"modified":"2026-01-22T12:14:49","modified_gmt":"2026-01-22T11:14:49","slug":"schattendaecher","status":"publish","type":"page","link":"https:\/\/www.bauten.berlin\/de\/de-ch\/schattendaecher\/","title":{"rendered":"Schattend\u00e4cher"},"content":{"rendered":"\t\t<div data-elementor-type=\"wp-page\" data-elementor-id=\"2836\" class=\"elementor elementor-2836\" data-elementor-post-type=\"page\">\n\t\t\t\t\t\t<section class=\"elementor-section elementor-top-section elementor-element elementor-element-65a853c elementor-section-full_width elementor-section-height-min-height elementor-section-items-top elementor-section-content-top elementor-section-height-default\" data-id=\"65a853c\" data-element_type=\"section\" data-e-type=\"section\" data-settings=\"{&quot;background_background&quot;:&quot;classic&quot;,&quot;sticky&quot;:&quot;top&quot;,&quot;sticky_on&quot;:[&quot;desktop&quot;,&quot;tablet&quot;,&quot;mobile&quot;],&quot;sticky_offset&quot;:0,&quot;sticky_effects_offset&quot;:0,&quot;sticky_anchor_link_offset&quot;:0}\">\n\t\t\t\t\t\t<div class=\"elementor-container elementor-column-gap-no\">\n\t\t\t\t\t<div class=\"elementor-column elementor-col-100 elementor-top-column elementor-element elementor-element-aa288e5\" data-id=\"aa288e5\" data-element_type=\"column\" data-e-type=\"column\">\n\t\t\t<div class=\"elementor-widget-wrap elementor-element-populated\">\n\t\t\t\t\t\t<section class=\"elementor-section elementor-inner-section elementor-element elementor-element-07c80d9 elementor-section-full_width elementor-section-height-min-height elementor-section-content-bottom elementor-section-height-default\" data-id=\"07c80d9\" data-element_type=\"section\" data-e-type=\"section\" data-settings=\"{&quot;background_background&quot;:&quot;classic&quot;}\">\n\t\t\t\t\t\t\t<div class=\"elementor-background-overlay\"><\/div>\n\t\t\t\t\t\t\t<div class=\"elementor-container elementor-column-gap-no\">\n\t\t\t\t\t<div class=\"elementor-column elementor-col-33 elementor-inner-column elementor-element elementor-element-f971b2a\" data-id=\"f971b2a\" data-element_type=\"column\" data-e-type=\"column\">\n\t\t\t<div class=\"elementor-widget-wrap elementor-element-populated\">\n\t\t\t\t\t\t<div class=\"elementor-element elementor-element-a31eb0b animated-slow elementor-invisible elementor-widget elementor-widget-heading\" data-id=\"a31eb0b\" data-element_type=\"widget\" data-e-type=\"widget\" data-settings=\"{&quot;_animation&quot;:&quot;bounceInLeft&quot;,&quot;_animation_delay&quot;:800}\" data-widget_type=\"heading.default\">\n\t\t\t\t<div class=\"elementor-widget-container\">\n\t\t\t\t\t<h1 class=\"elementor-heading-title elementor-size-default\">SCHATTEN-<br \/>D\u00c4CHER<\/h1>\t\t\t\t<\/div>\n\t\t\t\t<\/div>\n\t\t\t\t\t<\/div>\n\t\t<\/div>\n\t\t\t\t<div class=\"elementor-column elementor-col-33 elementor-inner-column elementor-element elementor-element-cd016d2 elementor-hidden-mobile\" data-id=\"cd016d2\" data-element_type=\"column\" data-e-type=\"column\">\n\t\t\t<div class=\"elementor-widget-wrap elementor-element-populated\">\n\t\t\t\t\t\t<div class=\"elementor-element elementor-element-ad5c1f8 animated-slow elementor-invisible elementor-widget elementor-widget-heading\" data-id=\"ad5c1f8\" data-element_type=\"widget\" data-e-type=\"widget\" data-settings=\"{&quot;_animation&quot;:&quot;bounceInRight&quot;,&quot;_animation_delay&quot;:800}\" data-widget_type=\"heading.default\">\n\t\t\t\t<div class=\"elementor-widget-container\">\n\t\t\t\t\t<h2 class=\"elementor-heading-title elementor-size-xxl\">Kontakt<\/h2>\t\t\t\t<\/div>\n\t\t\t\t<\/div>\n\t\t\t\t\t<\/div>\n\t\t<\/div>\n\t\t\t\t<div class=\"elementor-column elementor-col-33 elementor-inner-column elementor-element elementor-element-fd645d3 elementor-hidden-desktop elementor-hidden-tablet\" data-id=\"fd645d3\" data-element_type=\"column\" data-e-type=\"column\">\n\t\t\t<div class=\"elementor-widget-wrap elementor-element-populated\">\n\t\t\t\t\t\t<div class=\"elementor-element elementor-element-635dec6 animated-slow elementor-invisible elementor-widget elementor-widget-heading\" data-id=\"635dec6\" data-element_type=\"widget\" data-e-type=\"widget\" data-settings=\"{&quot;_animation&quot;:&quot;bounceInRight&quot;,&quot;_animation_delay&quot;:800,&quot;_animation_mobile&quot;:&quot;bounceInRight&quot;}\" data-widget_type=\"heading.default\">\n\t\t\t\t<div class=\"elementor-widget-container\">\n\t\t\t\t\t<h2 class=\"elementor-heading-title elementor-size-default\">Kontakt<\/h2>\t\t\t\t<\/div>\n\t\t\t\t<\/div>\n\t\t\t\t\t<\/div>\n\t\t<\/div>\n\t\t\t\t\t<\/div>\n\t\t<\/section>\n\t\t\t\t\t<\/div>\n\t\t<\/div>\n\t\t\t\t\t<\/div>\n\t\t<\/section>\n\t\t\t\t<section class=\"elementor-section elementor-top-section elementor-element elementor-element-2f78b61 elementor-section-full_width elementor-section-content-top elementor-section-height-default elementor-section-height-default\" data-id=\"2f78b61\" data-element_type=\"section\" data-e-type=\"section\">\n\t\t\t\t\t\t<div class=\"elementor-container elementor-column-gap-no\">\n\t\t\t\t\t<div class=\"elementor-column elementor-col-100 elementor-top-column elementor-element elementor-element-774cf06\" data-id=\"774cf06\" data-element_type=\"column\" data-e-type=\"column\">\n\t\t\t<div class=\"elementor-widget-wrap elementor-element-populated\">\n\t\t\t\t\t\t<div class=\"elementor-element elementor-element-af6229e animated-slow elementor-invisible elementor-widget elementor-widget-breadcrumbs\" data-id=\"af6229e\" data-element_type=\"widget\" data-e-type=\"widget\" data-settings=\"{&quot;_animation&quot;:&quot;bounceInLeft&quot;,&quot;_animation_delay&quot;:800}\" data-widget_type=\"breadcrumbs.default\">\n\t\t\t\t<div class=\"elementor-widget-container\">\n\t\t\t\t\t<p id=\"breadcrumbs\"><span><span><a href=\"https:\/\/www.bauten.berlin\/de\/\">Leicht Bauten<\/a><\/span><\/span><\/p>\t\t\t\t<\/div>\n\t\t\t\t<\/div>\n\t\t\t\t\t<\/div>\n\t\t<\/div>\n\t\t\t\t\t<\/div>\n\t\t<\/section>\n\t\t\t\t<section class=\"elementor-section elementor-top-section elementor-element elementor-element-894e80d elementor-section-full_width elementor-section-content-top elementor-section-height-default elementor-section-height-default\" data-id=\"894e80d\" data-element_type=\"section\" data-e-type=\"section\">\n\t\t\t\t\t\t<div class=\"elementor-container elementor-column-gap-no\">\n\t\t\t\t\t<div class=\"elementor-column elementor-col-50 elementor-top-column elementor-element elementor-element-a6453aa\" data-id=\"a6453aa\" data-element_type=\"column\" data-e-type=\"column\">\n\t\t\t<div class=\"elementor-widget-wrap elementor-element-populated\">\n\t\t\t\t\t<div class=\"elementor-background-overlay\"><\/div>\n\t\t\t\t\t\t<div class=\"elementor-element elementor-element-6ff7a08 elementor-widget elementor-widget-text-editor\" data-id=\"6ff7a08\" data-element_type=\"widget\" data-e-type=\"widget\" data-widget_type=\"text-editor.default\">\n\t\t\t\t<div class=\"elementor-widget-container\">\n\t\t\t\t\t\t\t\t\t<p>Individuelle Anfragen richten Sie bitte an die:<\/p><p><strong>TF Leicht Bauten Berlin GmbH<\/strong><br \/>Knobelsdorffstra\u00dfe 23<br \/>D \u2013 14059 Berlin<\/p><p>Telefon +49 30 844 27 073<br \/>Telefax +49 30 844 26 397<br \/>E-Mail: <a style=\"color: #a58c78;\" href=\"&#x6d;&#x61;&#105;l&#x74;&#x6f;&#58;&#105;n&#x66;&#x6f;&#64;&#108;e&#x69;&#x63;&#104;t&#46;&#x62;&#x61;&#117;t&#x65;&#x6e;&#46;&#98;e&#x72;&#x6c;&#105;&#110;\" target=\"_blank\" rel=\"noopener\">&#x69;n&#x66;&#111;&#x40;&#108;e&#x69;c&#x68;&#116;&#x2e;&#98;a&#x75;&#116;&#x65;&#110;&#46;&#x62;e&#x72;&#108;&#x69;&#110;<\/a><\/p><p>Gerne k\u00f6nnen Sie auch das nachfolgende Kontaktformular nutzen:<\/p>\t\t\t\t\t\t\t\t<\/div>\n\t\t\t\t<\/div>\n\t\t\t\t\t<\/div>\n\t\t<\/div>\n\t\t\t\t<div class=\"elementor-column elementor-col-50 elementor-top-column elementor-element elementor-element-65d8a55 elementor-hidden-tablet elementor-hidden-mobile\" data-id=\"65d8a55\" data-element_type=\"column\" data-e-type=\"column\">\n\t\t\t<div class=\"elementor-widget-wrap\">\n\t\t\t\t\t<div class=\"elementor-background-overlay\"><\/div>\n\t\t\t\t\t\t\t<\/div>\n\t\t<\/div>\n\t\t\t\t\t<\/div>\n\t\t<\/section>\n\t\t\t\t<section class=\"elementor-section elementor-top-section elementor-element elementor-element-4fb8c5e elementor-section-boxed elementor-section-height-default elementor-section-height-default\" data-id=\"4fb8c5e\" data-element_type=\"section\" data-e-type=\"section\">\n\t\t\t\t\t\t<div class=\"elementor-container elementor-column-gap-default\">\n\t\t\t\t\t<div class=\"elementor-column elementor-col-100 elementor-top-column elementor-element elementor-element-4129af4\" data-id=\"4129af4\" data-element_type=\"column\" data-e-type=\"column\">\n\t\t\t<div class=\"elementor-widget-wrap elementor-element-populated\">\n\t\t\t\t\t\t<div class=\"elementor-element elementor-element-fd6bf5e elementor-tablet-button-align-stretch elementor-button-align-stretch elementor-widget elementor-widget-form\" data-id=\"fd6bf5e\" data-element_type=\"widget\" data-e-type=\"widget\" data-settings=\"{&quot;button_width&quot;:&quot;20&quot;,&quot;step_next_label&quot;:&quot;Weiter&quot;,&quot;step_previous_label&quot;:&quot;Zur\\u00fcck&quot;,&quot;step_type&quot;:&quot;icon_text&quot;,&quot;step_icon_shape&quot;:&quot;none&quot;,&quot;button_width_tablet&quot;:&quot;33&quot;}\" data-widget_type=\"form.default\">\n\t\t\t\t<div class=\"elementor-widget-container\">\n\t\t\t\t\t\t\t<form class=\"elementor-form\" method=\"post\" name=\"Kontakt\" aria-label=\"Kontakt\" novalidate=\"\">\n\t\t\t<input type=\"hidden\" name=\"post_id\" value=\"2836\"\/>\n\t\t\t<input type=\"hidden\" name=\"form_id\" value=\"fd6bf5e\"\/>\n\t\t\t<input type=\"hidden\" name=\"referer_title\" value=\"TF Leicht Bauten Berlin GmbH: Kontakt Schattend\u00e4cher\" \/>\n\n\t\t\t\t\t\t\t<input type=\"hidden\" name=\"queried_id\" value=\"2836\"\/>\n\t\t\t\n\t\t\t<div class=\"elementor-form-fields-wrapper elementor-labels-above\">\n\t\t\t\t\t\t\t\t<div class=\"elementor-field-type-step elementor-field-group elementor-column elementor-field-group-field_a1c98f1 elementor-col-100\">\n\t\t\t\t\t\t\t<div class=\"e-field-step elementor-hidden\" data-label=\"Pers\u00f6nliche Daten\" data-previousButton=\"\" data-nextButton=\"\" data-iconUrl=\"\" data-iconLibrary=\"far fa-address-card\" data-icon=\"\" ><\/div>\n\n\t\t\t\t\t\t<\/div>\n\t\t\t\t\t\t\t\t<div class=\"elementor-field-type-text elementor-field-group elementor-column elementor-field-group-name elementor-col-100 elementor-field-required elementor-mark-required\">\n\t\t\t\t\t\t\t\t\t\t\t\t<label for=\"form-field-name\" class=\"elementor-field-label\">\n\t\t\t\t\t\t\t\tName\t\t\t\t\t\t\t<\/label>\n\t\t\t\t\t\t\t\t\t\t\t\t\t\t<input size=\"1\" type=\"text\" name=\"form_fields[name]\" id=\"form-field-name\" class=\"elementor-field elementor-size-sm  elementor-field-textual\" required=\"required\">\n\t\t\t\t\t\t\t\t\t\t\t<\/div>\n\t\t\t\t\t\t\t\t<div class=\"elementor-field-type-text\">\n\t\t\t\t\t<input size=\"1\" type=\"text\" name=\"form_fields[vorname]\" id=\"form-field-vorname\" class=\"elementor-field elementor-size-sm \" style=\"display:none !important;\">\t\t\t\t<\/div>\n\t\t\t\t\t\t\t\t<div class=\"elementor-field-type-text elementor-field-group elementor-column elementor-field-group-firma elementor-col-100\">\n\t\t\t\t\t\t\t\t\t\t\t\t<label for=\"form-field-firma\" class=\"elementor-field-label\">\n\t\t\t\t\t\t\t\tFirma\t\t\t\t\t\t\t<\/label>\n\t\t\t\t\t\t\t\t\t\t\t\t\t\t<input size=\"1\" type=\"text\" name=\"form_fields[firma]\" id=\"form-field-firma\" class=\"elementor-field elementor-size-sm  elementor-field-textual\">\n\t\t\t\t\t\t\t\t\t\t\t<\/div>\n\t\t\t\t\t\t\t\t<div class=\"elementor-field-type-email elementor-field-group elementor-column elementor-field-group-email elementor-col-100 elementor-field-required elementor-mark-required\">\n\t\t\t\t\t\t\t\t\t\t\t\t<label for=\"form-field-email\" class=\"elementor-field-label\">\n\t\t\t\t\t\t\t\tE-Mail\t\t\t\t\t\t\t<\/label>\n\t\t\t\t\t\t\t\t\t\t\t\t\t\t<input size=\"1\" type=\"email\" name=\"form_fields[email]\" id=\"form-field-email\" class=\"elementor-field elementor-size-sm  elementor-field-textual\" required=\"required\">\n\t\t\t\t\t\t\t\t\t\t\t<\/div>\n\t\t\t\t\t\t\t\t<div class=\"elementor-field-type-text elementor-field-group elementor-column elementor-field-group-telefon elementor-col-100\">\n\t\t\t\t\t\t\t\t\t\t\t\t<label for=\"form-field-telefon\" class=\"elementor-field-label\">\n\t\t\t\t\t\t\t\tTelefon\t\t\t\t\t\t\t<\/label>\n\t\t\t\t\t\t\t\t\t\t\t\t\t\t<input size=\"1\" type=\"text\" name=\"form_fields[telefon]\" id=\"form-field-telefon\" class=\"elementor-field elementor-size-sm  elementor-field-textual\">\n\t\t\t\t\t\t\t\t\t\t\t<\/div>\n\t\t\t\t\t\t\t\t<div class=\"elementor-field-type-html elementor-field-group elementor-column elementor-field-group-field_72f5f37 elementor-col-100\">\n\t\t\t\t\t<br \/>\t\t\t\t<\/div>\n\t\t\t\t\t\t\t\t<div class=\"elementor-field-type-step elementor-field-group elementor-column elementor-field-group-field_4ac2e4b elementor-col-100\">\n\t\t\t\t\t\t\t<div class=\"e-field-step elementor-hidden\" data-label=\"Nachricht\/Anfrage\" data-previousButton=\"\" data-nextButton=\"\" data-iconUrl=\"\" data-iconLibrary=\"fas fa-list\" data-icon=\"\" ><\/div>\n\n\t\t\t\t\t\t<\/div>\n\t\t\t\t\t\t\t\t<div class=\"elementor-field-type-textarea elementor-field-group elementor-column elementor-field-group-nachricht elementor-col-100\">\n\t\t\t\t\t\t\t\t\t\t\t\t<label for=\"form-field-nachricht\" class=\"elementor-field-label\">\n\t\t\t\t\t\t\t\tNachricht\t\t\t\t\t\t\t<\/label>\n\t\t\t\t\t\t<textarea class=\"elementor-field-textual elementor-field  elementor-size-sm\" name=\"form_fields[nachricht]\" id=\"form-field-nachricht\" rows=\"4\"><\/textarea>\t\t\t\t<\/div>\n\t\t\t\t\t\t\t\t<div class=\"elementor-field-type-html elementor-field-group elementor-column elementor-field-group-field_c14251e elementor-col-100\">\n\t\t\t\t\t<br \/>\t\t\t\t<\/div>\n\t\t\t\t\t\t\t\t<div class=\"elementor-field-type-step elementor-field-group elementor-column elementor-field-group-field_4ac2e4b elementor-col-100\">\n\t\t\t\t\t\t\t<div class=\"e-field-step elementor-hidden\" data-label=\"Anlagen\" data-previousButton=\"\" data-nextButton=\"\" data-iconUrl=\"\" data-iconLibrary=\"fas fa-file-upload\" data-icon=\"\" ><\/div>\n\n\t\t\t\t\t\t<\/div>\n\t\t\t\t\t\t\t\t<div class=\"elementor-field-type-html elementor-field-group elementor-column elementor-field-group-field_c803c46 elementor-col-100\">\n\t\t\t\t\tFolgende Anlagen m\u00f6chte ich Ihnen \u00fcbermitteln:\t\t\t\t<\/div>\n\t\t\t\t\t\t\t\t<div class=\"elementor-field-type-upload elementor-field-group elementor-column elementor-field-group-field_8de9c1b elementor-col-33\">\n\t\t\t\t\t\t\t<input type=\"file\" name=\"form_fields[field_8de9c1b]\" id=\"form-field-field_8de9c1b\" class=\"elementor-field elementor-size-sm  elementor-upload-field\" data-maxsize=\"100\" data-maxsize-message=\"This file exceeds the maximum allowed size.\">\n\n\t\t\t\t\t\t<\/div>\n\t\t\t\t\t\t\t\t<div class=\"elementor-field-type-upload elementor-field-group elementor-column elementor-field-group-field_7821b48 elementor-col-33\">\n\t\t\t\t\t\t\t<input type=\"file\" name=\"form_fields[field_7821b48]\" id=\"form-field-field_7821b48\" class=\"elementor-field elementor-size-sm  elementor-upload-field\" data-maxsize=\"100\" data-maxsize-message=\"This file exceeds the maximum allowed size.\">\n\n\t\t\t\t\t\t<\/div>\n\t\t\t\t\t\t\t\t<div class=\"elementor-field-type-upload elementor-field-group elementor-column elementor-field-group-field_f74cb89 elementor-col-33\">\n\t\t\t\t\t\t\t<input type=\"file\" name=\"form_fields[field_f74cb89]\" id=\"form-field-field_f74cb89\" class=\"elementor-field elementor-size-sm  elementor-upload-field\" data-maxsize=\"100\" data-maxsize-message=\"This file exceeds the maximum allowed size.\">\n\n\t\t\t\t\t\t<\/div>\n\t\t\t\t\t\t\t\t<div class=\"elementor-field-type-html elementor-field-group elementor-column elementor-field-group-field_6c2d5fb elementor-col-100\">\n\t\t\t\t\t<br \/>\t\t\t\t<\/div>\n\t\t\t\t\t\t\t\t<div class=\"elementor-field-type-step elementor-field-group elementor-column elementor-field-group-field_4d1b66f elementor-col-100\">\n\t\t\t\t\t\t\t<div class=\"e-field-step elementor-hidden\" data-label=\"Senden\" data-previousButton=\"\" data-nextButton=\"\" data-iconUrl=\"\" data-iconLibrary=\"fas fa-level-up-alt\" data-icon=\"\" ><\/div>\n\n\t\t\t\t\t\t<\/div>\n\t\t\t\t\t\t\t\t<div class=\"elementor-field-type-acceptance elementor-field-group elementor-column elementor-field-group-dsgvo elementor-col-100 elementor-field-required elementor-mark-required\">\n\t\t\t\t\t\t\t<div class=\"elementor-field-subgroup\">\n\t\t\t<span class=\"elementor-field-option\">\n\t\t\t\t<input type=\"checkbox\" name=\"form_fields[dsgvo]\" id=\"form-field-dsgvo\" class=\"elementor-field elementor-size-sm  elementor-acceptance-field\" required=\"required\">\n\t\t\t\t<label for=\"form-field-dsgvo\">* Ich habe die <a style=\"color: #A58C78\" href=\"https:\/\/www.bauten.berlin\/de\/datenschutzerklaerung\/\" target=\"_blank\" rel=\"noopener\">Datenschutzerkl\u00e4rung<\/a> gelesen und akzeptiert.<\/label>\t\t\t<\/span>\n\t\t<\/div>\n\t\t\t\t\t\t<\/div>\n\t\t\t\t\t\t\t\t<div class=\"elementor-field-type-html elementor-field-group elementor-column elementor-field-group-field_fd2efaa elementor-col-100\">\n\t\t\t\t\t<br \/>\t\t\t\t<\/div>\n\t\t\t\t\t\t\t\t<div class=\"elementor-field-group elementor-column elementor-field-type-submit elementor-col-20 e-form__buttons elementor-md-33\">\n\t\t\t\t\t<button class=\"elementor-button elementor-size-sm\" type=\"submit\">\n\t\t\t\t\t\t<span class=\"elementor-button-content-wrapper\">\n\t\t\t\t\t\t\t\t\t\t\t\t\t\t\t\t\t\t\t\t\t\t<span class=\"elementor-button-text\">Senden<\/span>\n\t\t\t\t\t\t\t\t\t\t\t\t\t<\/span>\n\t\t\t\t\t<\/button>\n\t\t\t\t<\/div>\n\t\t\t<\/div>\n\t\t<\/form>\n\t\t\t\t\t\t<\/div>\n\t\t\t\t<\/div>\n\t\t\t\t\t<\/div>\n\t\t<\/div>\n\t\t\t\t\t<\/div>\n\t\t<\/section>\n\t\t\t\t<\/div>\n\t\t","protected":false},"excerpt":{"rendered":"<p>SCHATTEN-D\u00c4CHER Kontakt Kontakt Individuelle Anfragen richten Sie bitte an die: TF Leicht Bauten Berlin GmbHKnobelsdorffstra\u00dfe 23D \u2013 14059 Berlin Telefon +49 30 844 27 073Telefax +49 30 844 26 397E-Mail: &#x69;&#110;f&#x6f;&#64;l&#x65;&#x69;&#99;&#x68;&#x74;&#46;b&#x61;&#117;t&#x65;&#x6e;&#46;&#x62;&#x65;&#114;l&#x69;&#110; Gerne k\u00f6nnen Sie auch das nachfolgende Kontaktformular nutzen:<\/p>\n","protected":false},"author":1,"featured_media":0,"parent":0,"menu_order":0,"comment_status":"closed","ping_status":"closed","template":"elementor_header_footer","meta":{"footnotes":""},"class_list":["post-2836","page","type-page","status-publish","hentry"],"yoast_head":"<!-- This site is optimized with the Yoast SEO plugin v27.4 - https:\/\/yoast.com\/product\/yoast-seo-wordpress\/ -->\n<title>TF Leicht Bauten Berlin GmbH: Kontakt Schattend\u00e4cher<\/title>\n<meta name=\"description\" content=\"Sie interessieren sich f\u00fcr unsere Schattend\u00e4cher und haben Fragen dazu? Nutzen Sie einfach das nachfolgende Kontaktformular.\" \/>\n<meta name=\"robots\" content=\"index, follow, max-snippet:-1, max-image-preview:large, max-video-preview:-1\" \/>\n<link rel=\"canonical\" href=\"https:\/\/www.bauten.berlin\/de\/de-ch\/schattendaecher\/\" \/>\n<meta property=\"og:locale\" content=\"de_DE\" \/>\n<meta property=\"og:type\" content=\"article\" \/>\n<meta property=\"og:title\" content=\"TF Leicht Bauten Berlin GmbH: Kontakt Schattend\u00e4cher\" \/>\n<meta property=\"og:description\" content=\"Sie interessieren sich f\u00fcr unsere Schattend\u00e4cher und haben Fragen dazu? Nutzen Sie einfach das nachfolgende Kontaktformular.\" \/>\n<meta property=\"og:url\" content=\"https:\/\/www.bauten.berlin\/de\/de-ch\/schattendaecher\/\" \/>\n<meta property=\"og:site_name\" content=\"Leicht Bauten Berlin GmbH\" \/>\n<meta property=\"article:modified_time\" content=\"2026-01-22T11:14:49+00:00\" \/>\n<meta name=\"twitter:card\" content=\"summary_large_image\" \/>\n<meta name=\"twitter:label1\" content=\"Gesch\u00e4tzte Lesezeit\" \/>\n\t<meta name=\"twitter:data1\" content=\"1\u00a0Minute\" \/>\n<script type=\"application\/ld+json\" class=\"yoast-schema-graph\">{\"@context\":\"https:\\\/\\\/schema.org\",\"@graph\":[{\"@type\":\"WebPage\",\"@id\":\"https:\\\/\\\/www.bauten.berlin\\\/de\\\/de-ch\\\/schattendaecher\\\/\",\"url\":\"https:\\\/\\\/www.bauten.berlin\\\/de\\\/de-ch\\\/schattendaecher\\\/\",\"name\":\"TF Leicht Bauten Berlin GmbH: Kontakt Schattend\u00e4cher\",\"isPartOf\":{\"@id\":\"https:\\\/\\\/www.bauten.berlin\\\/de\\\/#website\"},\"datePublished\":\"2023-04-21T13:10:03+00:00\",\"dateModified\":\"2026-01-22T11:14:49+00:00\",\"description\":\"Sie interessieren sich f\u00fcr unsere Schattend\u00e4cher und haben Fragen dazu? Nutzen Sie einfach das nachfolgende Kontaktformular.\",\"breadcrumb\":{\"@id\":\"https:\\\/\\\/www.bauten.berlin\\\/de\\\/de-ch\\\/schattendaecher\\\/#breadcrumb\"},\"inLanguage\":\"de\",\"potentialAction\":[{\"@type\":\"ReadAction\",\"target\":[\"https:\\\/\\\/www.bauten.berlin\\\/de\\\/de-ch\\\/schattendaecher\\\/\"]}]},{\"@type\":\"BreadcrumbList\",\"@id\":\"https:\\\/\\\/www.bauten.berlin\\\/de\\\/de-ch\\\/schattendaecher\\\/#breadcrumb\",\"itemListElement\":[{\"@type\":\"ListItem\",\"position\":1,\"name\":\"Leicht Bauten\",\"item\":\"https:\\\/\\\/www.bauten.berlin\\\/de\\\/\"},{\"@type\":\"ListItem\",\"position\":2,\"name\":\"Schattend\u00e4cher\"}]},{\"@type\":\"WebSite\",\"@id\":\"https:\\\/\\\/www.bauten.berlin\\\/de\\\/#website\",\"url\":\"https:\\\/\\\/www.bauten.berlin\\\/de\\\/\",\"name\":\"Leicht Bauten Berlin GmbH\",\"description\":\"Filigrane Konstruktionen im \u00f6ffentlichen Raum\",\"publisher\":{\"@id\":\"https:\\\/\\\/www.bauten.berlin\\\/de\\\/#organization\"},\"potentialAction\":[{\"@type\":\"SearchAction\",\"target\":{\"@type\":\"EntryPoint\",\"urlTemplate\":\"https:\\\/\\\/www.bauten.berlin\\\/de\\\/?s={search_term_string}\"},\"query-input\":{\"@type\":\"PropertyValueSpecification\",\"valueRequired\":true,\"valueName\":\"search_term_string\"}}],\"inLanguage\":\"de\"},{\"@type\":\"Organization\",\"@id\":\"https:\\\/\\\/www.bauten.berlin\\\/de\\\/#organization\",\"name\":\"Leicht Bauten Berlin GmbH\",\"url\":\"https:\\\/\\\/www.bauten.berlin\\\/de\\\/\",\"logo\":{\"@type\":\"ImageObject\",\"inLanguage\":\"de\",\"@id\":\"https:\\\/\\\/www.bauten.berlin\\\/de\\\/#\\\/schema\\\/logo\\\/image\\\/\",\"url\":\"https:\\\/\\\/www.bauten.berlin\\\/de\\\/wp-content\\\/uploads\\\/2023\\\/05\\\/cropped-favicon.png\",\"contentUrl\":\"https:\\\/\\\/www.bauten.berlin\\\/de\\\/wp-content\\\/uploads\\\/2023\\\/05\\\/cropped-favicon.png\",\"width\":512,\"height\":512,\"caption\":\"Leicht Bauten Berlin GmbH\"},\"image\":{\"@id\":\"https:\\\/\\\/www.bauten.berlin\\\/de\\\/#\\\/schema\\\/logo\\\/image\\\/\"}}]}<\/script>\n<!-- \/ Yoast SEO plugin. -->","yoast_head_json":{"title":"TF Leicht Bauten Berlin GmbH: Kontakt Schattend\u00e4cher","description":"Sie interessieren sich f\u00fcr unsere Schattend\u00e4cher und haben Fragen dazu? Nutzen Sie einfach das nachfolgende Kontaktformular.","robots":{"index":"index","follow":"follow","max-snippet":"max-snippet:-1","max-image-preview":"max-image-preview:large","max-video-preview":"max-video-preview:-1"},"canonical":"https:\/\/www.bauten.berlin\/de\/de-ch\/schattendaecher\/","og_locale":"de_DE","og_type":"article","og_title":"TF Leicht Bauten Berlin GmbH: Kontakt Schattend\u00e4cher","og_description":"Sie interessieren sich f\u00fcr unsere Schattend\u00e4cher und haben Fragen dazu? Nutzen Sie einfach das nachfolgende Kontaktformular.","og_url":"https:\/\/www.bauten.berlin\/de\/de-ch\/schattendaecher\/","og_site_name":"Leicht Bauten Berlin GmbH","article_modified_time":"2026-01-22T11:14:49+00:00","twitter_card":"summary_large_image","twitter_misc":{"Gesch\u00e4tzte Lesezeit":"1\u00a0Minute"},"schema":{"@context":"https:\/\/schema.org","@graph":[{"@type":"WebPage","@id":"https:\/\/www.bauten.berlin\/de\/de-ch\/schattendaecher\/","url":"https:\/\/www.bauten.berlin\/de\/de-ch\/schattendaecher\/","name":"TF Leicht Bauten Berlin GmbH: Kontakt Schattend\u00e4cher","isPartOf":{"@id":"https:\/\/www.bauten.berlin\/de\/#website"},"datePublished":"2023-04-21T13:10:03+00:00","dateModified":"2026-01-22T11:14:49+00:00","description":"Sie interessieren sich f\u00fcr unsere Schattend\u00e4cher und haben Fragen dazu? Nutzen Sie einfach das nachfolgende Kontaktformular.","breadcrumb":{"@id":"https:\/\/www.bauten.berlin\/de\/de-ch\/schattendaecher\/#breadcrumb"},"inLanguage":"de","potentialAction":[{"@type":"ReadAction","target":["https:\/\/www.bauten.berlin\/de\/de-ch\/schattendaecher\/"]}]},{"@type":"BreadcrumbList","@id":"https:\/\/www.bauten.berlin\/de\/de-ch\/schattendaecher\/#breadcrumb","itemListElement":[{"@type":"ListItem","position":1,"name":"Leicht Bauten","item":"https:\/\/www.bauten.berlin\/de\/"},{"@type":"ListItem","position":2,"name":"Schattend\u00e4cher"}]},{"@type":"WebSite","@id":"https:\/\/www.bauten.berlin\/de\/#website","url":"https:\/\/www.bauten.berlin\/de\/","name":"Leicht Bauten Berlin GmbH","description":"Filigrane Konstruktionen im \u00f6ffentlichen Raum","publisher":{"@id":"https:\/\/www.bauten.berlin\/de\/#organization"},"potentialAction":[{"@type":"SearchAction","target":{"@type":"EntryPoint","urlTemplate":"https:\/\/www.bauten.berlin\/de\/?s={search_term_string}"},"query-input":{"@type":"PropertyValueSpecification","valueRequired":true,"valueName":"search_term_string"}}],"inLanguage":"de"},{"@type":"Organization","@id":"https:\/\/www.bauten.berlin\/de\/#organization","name":"Leicht Bauten Berlin GmbH","url":"https:\/\/www.bauten.berlin\/de\/","logo":{"@type":"ImageObject","inLanguage":"de","@id":"https:\/\/www.bauten.berlin\/de\/#\/schema\/logo\/image\/","url":"https:\/\/www.bauten.berlin\/de\/wp-content\/uploads\/2023\/05\/cropped-favicon.png","contentUrl":"https:\/\/www.bauten.berlin\/de\/wp-content\/uploads\/2023\/05\/cropped-favicon.png","width":512,"height":512,"caption":"Leicht Bauten Berlin GmbH"},"image":{"@id":"https:\/\/www.bauten.berlin\/de\/#\/schema\/logo\/image\/"}}]}},"_links":{"self":[{"href":"https:\/\/www.bauten.berlin\/de\/wp-json\/wp\/v2\/pages\/2836","targetHints":{"allow":["GET"]}}],"collection":[{"href":"https:\/\/www.bauten.berlin\/de\/wp-json\/wp\/v2\/pages"}],"about":[{"href":"https:\/\/www.bauten.berlin\/de\/wp-json\/wp\/v2\/types\/page"}],"author":[{"embeddable":true,"href":"https:\/\/www.bauten.berlin\/de\/wp-json\/wp\/v2\/users\/1"}],"replies":[{"embeddable":true,"href":"https:\/\/www.bauten.berlin\/de\/wp-json\/wp\/v2\/comments?post=2836"}],"version-history":[{"count":0,"href":"https:\/\/www.bauten.berlin\/de\/wp-json\/wp\/v2\/pages\/2836\/revisions"}],"wp:attachment":[{"href":"https:\/\/www.bauten.berlin\/de\/wp-json\/wp\/v2\/media?parent=2836"}],"curies":[{"name":"wp","href":"https:\/\/api.w.org\/{rel}","templated":true}]}}