{"id":2756,"date":"2023-04-21T14:27:36","date_gmt":"2023-04-21T12:27:36","guid":{"rendered":"https:\/\/www.bauten.berlin\/de\/?page_id=2756"},"modified":"2026-01-20T17:06:32","modified_gmt":"2026-01-20T16:06:32","slug":"gruensysteme","status":"publish","type":"page","link":"https:\/\/www.bauten.berlin\/de\/de-at\/gruensysteme\/","title":{"rendered":"Gr\u00fcnsysteme"},"content":{"rendered":"\t\t<div data-elementor-type=\"wp-page\" data-elementor-id=\"2756\" class=\"elementor elementor-2756\" data-elementor-post-type=\"page\">\n\t\t\t\t\t\t<section class=\"elementor-section elementor-top-section elementor-element elementor-element-137212a elementor-section-full_width elementor-section-height-min-height elementor-section-items-top elementor-section-content-top elementor-section-height-default\" data-id=\"137212a\" data-element_type=\"section\" data-e-type=\"section\" data-settings=\"{&quot;background_background&quot;:&quot;classic&quot;}\">\n\t\t\t\t\t\t<div class=\"elementor-container elementor-column-gap-no\">\n\t\t\t\t\t<div class=\"elementor-column elementor-col-100 elementor-top-column elementor-element elementor-element-515e6e3\" data-id=\"515e6e3\" data-element_type=\"column\" data-e-type=\"column\">\n\t\t\t<div class=\"elementor-widget-wrap elementor-element-populated\">\n\t\t\t\t\t\t<section class=\"elementor-section elementor-inner-section elementor-element elementor-element-6f8f825 elementor-section-full_width elementor-section-height-min-height elementor-section-content-bottom elementor-section-height-default\" data-id=\"6f8f825\" data-element_type=\"section\" data-e-type=\"section\">\n\t\t\t\t\t\t<div class=\"elementor-container elementor-column-gap-no\">\n\t\t\t\t\t<div class=\"elementor-column elementor-col-50 elementor-inner-column elementor-element elementor-element-30026e1 elementor-hidden-mobile\" data-id=\"30026e1\" data-element_type=\"column\" data-e-type=\"column\">\n\t\t\t<div class=\"elementor-widget-wrap elementor-element-populated\">\n\t\t\t\t\t\t<div class=\"elementor-element elementor-element-9c66af8 animated-slow elementor-invisible elementor-widget elementor-widget-heading\" data-id=\"9c66af8\" data-element_type=\"widget\" data-e-type=\"widget\" data-settings=\"{&quot;_animation&quot;:&quot;bounceInLeft&quot;,&quot;_animation_delay&quot;:800}\" data-widget_type=\"heading.default\">\n\t\t\t\t<div class=\"elementor-widget-container\">\n\t\t\t\t\t<h1 class=\"elementor-heading-title elementor-size-default\">GR\u00dcNSYSTEME<\/h1>\t\t\t\t<\/div>\n\t\t\t\t<\/div>\n\t\t\t\t\t<\/div>\n\t\t<\/div>\n\t\t\t\t<div class=\"elementor-column elementor-col-50 elementor-inner-column elementor-element elementor-element-6110c8c elementor-hidden-desktop elementor-hidden-tablet\" data-id=\"6110c8c\" data-element_type=\"column\" data-e-type=\"column\">\n\t\t\t<div class=\"elementor-widget-wrap elementor-element-populated\">\n\t\t\t\t\t\t<div class=\"elementor-element elementor-element-1461c24 animated-slow elementor-invisible elementor-widget elementor-widget-heading\" data-id=\"1461c24\" data-element_type=\"widget\" data-e-type=\"widget\" data-settings=\"{&quot;_animation&quot;:&quot;bounceInLeft&quot;,&quot;_animation_delay&quot;:800}\" data-widget_type=\"heading.default\">\n\t\t\t\t<div class=\"elementor-widget-container\">\n\t\t\t\t\t<h1 class=\"elementor-heading-title elementor-size-default\">GR\u00dcN-<br \/>SYSTEME<\/h1>\t\t\t\t<\/div>\n\t\t\t\t<\/div>\n\t\t\t\t\t<\/div>\n\t\t<\/div>\n\t\t\t\t\t<\/div>\n\t\t<\/section>\n\t\t\t\t\t<\/div>\n\t\t<\/div>\n\t\t\t\t\t<\/div>\n\t\t<\/section>\n\t\t\t\t<section class=\"elementor-section elementor-top-section elementor-element elementor-element-059f865 elementor-section-full_width elementor-section-content-top animated-slow elementor-section-height-default elementor-section-height-default elementor-invisible\" data-id=\"059f865\" data-element_type=\"section\" data-e-type=\"section\" id=\"content\" data-settings=\"{&quot;animation&quot;:&quot;fadeIn&quot;,&quot;animation_delay&quot;:1200}\">\n\t\t\t\t\t\t<div class=\"elementor-container elementor-column-gap-no\">\n\t\t\t\t\t<div class=\"elementor-column elementor-col-12 elementor-top-column elementor-element elementor-element-74d61d8 elementor-hidden-mobile elementor-hidden-tablet\" data-id=\"74d61d8\" data-element_type=\"column\" data-e-type=\"column\">\n\t\t\t<div class=\"elementor-widget-wrap\">\n\t\t\t\t\t\t\t<\/div>\n\t\t<\/div>\n\t\t\t\t<div class=\"elementor-column elementor-col-12 elementor-top-column elementor-element elementor-element-75febd6\" data-id=\"75febd6\" data-element_type=\"column\" data-e-type=\"column\">\n\t\t\t<div class=\"elementor-widget-wrap elementor-element-populated\">\n\t\t\t\t\t\t<div class=\"elementor-element elementor-element-c8a18e9 e-transform elementor-widget elementor-widget-image\" data-id=\"c8a18e9\" data-element_type=\"widget\" data-e-type=\"widget\" data-settings=\"{&quot;_transform_scale_effect_hover&quot;:{&quot;unit&quot;:&quot;px&quot;,&quot;size&quot;:1.25,&quot;sizes&quot;:[]},&quot;_transform_scale_effect_hover_tablet&quot;:{&quot;unit&quot;:&quot;px&quot;,&quot;size&quot;:1.15,&quot;sizes&quot;:[]},&quot;_transform_scale_effect_hover_mobile&quot;:{&quot;unit&quot;:&quot;px&quot;,&quot;size&quot;:1.15,&quot;sizes&quot;:[]}}\" data-widget_type=\"image.default\">\n\t\t\t\t<div class=\"elementor-widget-container\">\n\t\t\t\t\t\t\t\t\t\t\t\t\t\t\t\t<a href=\"https:\/\/www.bauten.berlin\/de\/de-at\/gruensysteme\/lianas-trellis\/\">\n\t\t\t\t\t\t\t<img fetchpriority=\"high\" decoding=\"async\" width=\"400\" height=\"400\" src=\"https:\/\/www.bauten.berlin\/de\/wp-content\/uploads\/2023\/10\/231019_lianas_trellis_render_hs.png\" class=\"attachment-full size-full wp-image-8759\" alt=\"LIANAS TRELLIS Ranksysteme\" srcset=\"https:\/\/www.bauten.berlin\/de\/wp-content\/uploads\/2023\/10\/231019_lianas_trellis_render_hs.png 400w, https:\/\/www.bauten.berlin\/de\/wp-content\/uploads\/2023\/10\/231019_lianas_trellis_render_hs-300x300.png 300w, https:\/\/www.bauten.berlin\/de\/wp-content\/uploads\/2023\/10\/231019_lianas_trellis_render_hs-150x150.png 150w\" sizes=\"(max-width: 400px) 100vw, 400px\" \/>\t\t\t\t\t\t\t\t<\/a>\n\t\t\t\t\t\t\t\t\t\t\t\t\t\t\t<\/div>\n\t\t\t\t<\/div>\n\t\t\t\t<div class=\"elementor-element elementor-element-be55200 elementor-widget elementor-widget-heading\" data-id=\"be55200\" data-element_type=\"widget\" data-e-type=\"widget\" data-widget_type=\"heading.default\">\n\t\t\t\t<div class=\"elementor-widget-container\">\n\t\t\t\t\t<h2 class=\"elementor-heading-title elementor-size-default\"><a href=\"https:\/\/www.bauten.berlin\/de\/de-at\/gruensysteme\/lianas-trellis\/\">LIANAS TRELLIS<br \/>Ranksysteme<\/a><\/h2>\t\t\t\t<\/div>\n\t\t\t\t<\/div>\n\t\t\t\t\t<\/div>\n\t\t<\/div>\n\t\t\t\t<div class=\"elementor-column elementor-col-12 elementor-top-column elementor-element elementor-element-3368d24\" data-id=\"3368d24\" data-element_type=\"column\" data-e-type=\"column\">\n\t\t\t<div class=\"elementor-widget-wrap elementor-element-populated\">\n\t\t\t\t\t\t<div class=\"elementor-element elementor-element-17e1271 e-transform elementor-widget elementor-widget-image\" data-id=\"17e1271\" data-element_type=\"widget\" data-e-type=\"widget\" data-settings=\"{&quot;_transform_scale_effect_hover&quot;:{&quot;unit&quot;:&quot;px&quot;,&quot;size&quot;:1.25,&quot;sizes&quot;:[]},&quot;_transform_scale_effect_hover_tablet&quot;:{&quot;unit&quot;:&quot;px&quot;,&quot;size&quot;:1.15,&quot;sizes&quot;:[]},&quot;_transform_scale_effect_hover_mobile&quot;:{&quot;unit&quot;:&quot;px&quot;,&quot;size&quot;:1.15,&quot;sizes&quot;:[]}}\" data-widget_type=\"image.default\">\n\t\t\t\t<div class=\"elementor-widget-container\">\n\t\t\t\t\t\t\t\t\t\t\t\t\t\t\t\t<a href=\"https:\/\/www.bauten.berlin\/de\/de-at\/gruensysteme\/leicht-bauten-pergola\/\">\n\t\t\t\t\t\t\t<img decoding=\"async\" width=\"400\" height=\"400\" src=\"https:\/\/www.bauten.berlin\/de\/wp-content\/uploads\/2023\/10\/231019_leicht-bauten-pergola_hs.png\" class=\"attachment-full size-full wp-image-8758\" alt=\"LEICHT BAUTEN Pergola\" srcset=\"https:\/\/www.bauten.berlin\/de\/wp-content\/uploads\/2023\/10\/231019_leicht-bauten-pergola_hs.png 400w, https:\/\/www.bauten.berlin\/de\/wp-content\/uploads\/2023\/10\/231019_leicht-bauten-pergola_hs-300x300.png 300w, https:\/\/www.bauten.berlin\/de\/wp-content\/uploads\/2023\/10\/231019_leicht-bauten-pergola_hs-150x150.png 150w\" sizes=\"(max-width: 400px) 100vw, 400px\" \/>\t\t\t\t\t\t\t\t<\/a>\n\t\t\t\t\t\t\t\t\t\t\t\t\t\t\t<\/div>\n\t\t\t\t<\/div>\n\t\t\t\t<div class=\"elementor-element elementor-element-800a916 elementor-widget elementor-widget-heading\" data-id=\"800a916\" data-element_type=\"widget\" data-e-type=\"widget\" data-widget_type=\"heading.default\">\n\t\t\t\t<div class=\"elementor-widget-container\">\n\t\t\t\t\t<h2 class=\"elementor-heading-title elementor-size-default\"><a href=\"https:\/\/www.bauten.berlin\/de\/de-at\/gruensysteme\/leicht-bauten-pergola\/\">LEICHT BAUTEN<br \/>Pergola<\/a><\/h2>\t\t\t\t<\/div>\n\t\t\t\t<\/div>\n\t\t\t\t\t<\/div>\n\t\t<\/div>\n\t\t\t\t<div class=\"elementor-column elementor-col-12 elementor-top-column elementor-element elementor-element-25a632a\" data-id=\"25a632a\" data-element_type=\"column\" data-e-type=\"column\">\n\t\t\t<div class=\"elementor-widget-wrap elementor-element-populated\">\n\t\t\t\t\t\t<div class=\"elementor-element elementor-element-a72ea10 e-transform elementor-widget elementor-widget-image\" data-id=\"a72ea10\" data-element_type=\"widget\" data-e-type=\"widget\" data-settings=\"{&quot;_transform_scale_effect_hover&quot;:{&quot;unit&quot;:&quot;px&quot;,&quot;size&quot;:1.25,&quot;sizes&quot;:[]},&quot;_transform_scale_effect_hover_tablet&quot;:{&quot;unit&quot;:&quot;px&quot;,&quot;size&quot;:1.15,&quot;sizes&quot;:[]},&quot;_transform_scale_effect_hover_mobile&quot;:{&quot;unit&quot;:&quot;px&quot;,&quot;size&quot;:1.15,&quot;sizes&quot;:[]}}\" data-widget_type=\"image.default\">\n\t\t\t\t<div class=\"elementor-widget-container\">\n\t\t\t\t\t\t\t\t\t\t\t\t\t\t\t\t<a href=\"https:\/\/www.bauten.berlin\/de\/de-at\/gruensysteme\/kontakt\/\">\n\t\t\t\t\t\t\t<img decoding=\"async\" width=\"400\" height=\"400\" src=\"https:\/\/www.bauten.berlin\/de\/wp-content\/uploads\/2023\/10\/231019_lbb_solidos_kontakt_hs.png\" class=\"attachment-full size-full wp-image-8621\" alt=\"Kontakt \/ Preisanfrage\" srcset=\"https:\/\/www.bauten.berlin\/de\/wp-content\/uploads\/2023\/10\/231019_lbb_solidos_kontakt_hs.png 400w, https:\/\/www.bauten.berlin\/de\/wp-content\/uploads\/2023\/10\/231019_lbb_solidos_kontakt_hs-300x300.png 300w, https:\/\/www.bauten.berlin\/de\/wp-content\/uploads\/2023\/10\/231019_lbb_solidos_kontakt_hs-150x150.png 150w\" sizes=\"(max-width: 400px) 100vw, 400px\" \/>\t\t\t\t\t\t\t\t<\/a>\n\t\t\t\t\t\t\t\t\t\t\t\t\t\t\t<\/div>\n\t\t\t\t<\/div>\n\t\t\t\t<div class=\"elementor-element elementor-element-9db4913 elementor-widget elementor-widget-heading\" data-id=\"9db4913\" data-element_type=\"widget\" data-e-type=\"widget\" data-widget_type=\"heading.default\">\n\t\t\t\t<div class=\"elementor-widget-container\">\n\t\t\t\t\t<h2 class=\"elementor-heading-title elementor-size-default\"><a href=\"https:\/\/www.bauten.berlin\/de\/de-at\/gruensysteme\/kontakt\/\">Kontakt&nbsp;\/<br \/>Preisanfrage<\/a><\/h2>\t\t\t\t<\/div>\n\t\t\t\t<\/div>\n\t\t\t\t\t<\/div>\n\t\t<\/div>\n\t\t\t\t<div class=\"elementor-column elementor-col-12 elementor-top-column elementor-element elementor-element-05e854b elementor-hidden-mobile elementor-hidden-tablet\" data-id=\"05e854b\" data-element_type=\"column\" data-e-type=\"column\">\n\t\t\t<div class=\"elementor-widget-wrap\">\n\t\t\t\t\t\t\t<\/div>\n\t\t<\/div>\n\t\t\t\t<div class=\"elementor-column elementor-col-12 elementor-top-column elementor-element elementor-element-a76f206 elementor-hidden-tablet elementor-hidden-mobile\" data-id=\"a76f206\" data-element_type=\"column\" data-e-type=\"column\">\n\t\t\t<div class=\"elementor-widget-wrap\">\n\t\t\t\t\t\t\t<\/div>\n\t\t<\/div>\n\t\t\t\t<div class=\"elementor-column elementor-col-12 elementor-top-column elementor-element elementor-element-5b8c459 elementor-hidden-mobile elementor-hidden-tablet\" data-id=\"5b8c459\" data-element_type=\"column\" data-e-type=\"column\">\n\t\t\t<div class=\"elementor-widget-wrap\">\n\t\t\t\t\t\t\t<\/div>\n\t\t<\/div>\n\t\t\t\t<div class=\"elementor-column elementor-col-12 elementor-top-column elementor-element elementor-element-10d575b elementor-hidden-tablet elementor-hidden-mobile\" data-id=\"10d575b\" data-element_type=\"column\" data-e-type=\"column\">\n\t\t\t<div class=\"elementor-widget-wrap\">\n\t\t\t\t\t\t\t<\/div>\n\t\t<\/div>\n\t\t\t\t\t<\/div>\n\t\t<\/section>\n\t\t\t\t<\/div>\n\t\t","protected":false},"excerpt":{"rendered":"<p>GR\u00dcNSYSTEME GR\u00dcN-SYSTEME LIANAS TRELLISRanksysteme LEICHT BAUTENPergola Kontakt&nbsp;\/Preisanfrage<\/p>\n","protected":false},"author":1,"featured_media":0,"parent":0,"menu_order":0,"comment_status":"closed","ping_status":"closed","template":"elementor_header_footer","meta":{"footnotes":""},"class_list":["post-2756","page","type-page","status-publish","hentry"],"yoast_head":"<!-- This site is optimized with the Yoast SEO plugin v27.4 - https:\/\/yoast.com\/product\/yoast-seo-wordpress\/ -->\n<title>TF Leicht Bauten Berlin GmbH: Gr\u00fcnsysteme<\/title>\n<meta name=\"description\" content=\"Hier finden Sie eine \u00dcbersicht der Gr\u00fcnsysteme der TF Leicht Bauten Berlin GmbH: Filigrane Konstruktionen im \u00f6ffentlichen Raum.\" \/>\n<meta name=\"robots\" content=\"index, follow, max-snippet:-1, max-image-preview:large, max-video-preview:-1\" \/>\n<link rel=\"canonical\" href=\"https:\/\/www.bauten.berlin\/de\/de-at\/gruensysteme\/\" \/>\n<meta property=\"og:locale\" content=\"de_DE\" \/>\n<meta property=\"og:type\" content=\"article\" \/>\n<meta property=\"og:title\" content=\"TF Leicht Bauten Berlin GmbH: Gr\u00fcnsysteme\" \/>\n<meta property=\"og:description\" content=\"Hier finden Sie eine \u00dcbersicht der Gr\u00fcnsysteme der TF Leicht Bauten Berlin GmbH: Filigrane Konstruktionen im \u00f6ffentlichen Raum.\" \/>\n<meta property=\"og:url\" content=\"https:\/\/www.bauten.berlin\/de\/de-at\/gruensysteme\/\" \/>\n<meta property=\"og:site_name\" content=\"Leicht Bauten Berlin GmbH\" \/>\n<meta property=\"article:modified_time\" content=\"2026-01-20T16:06:32+00:00\" \/>\n<meta property=\"og:image\" content=\"https:\/\/www.bauten.berlin\/de\/wp-content\/uploads\/2023\/10\/231019_lianas_trellis_render_hs.png\" \/>\n<meta name=\"twitter:card\" content=\"summary_large_image\" \/>\n<meta name=\"twitter:label1\" content=\"Gesch\u00e4tzte Lesezeit\" \/>\n\t<meta name=\"twitter:data1\" content=\"1\u00a0Minute\" \/>\n<script type=\"application\/ld+json\" class=\"yoast-schema-graph\">{\"@context\":\"https:\\\/\\\/schema.org\",\"@graph\":[{\"@type\":\"WebPage\",\"@id\":\"https:\\\/\\\/www.bauten.berlin\\\/de\\\/de-at\\\/gruensysteme\\\/\",\"url\":\"https:\\\/\\\/www.bauten.berlin\\\/de\\\/de-at\\\/gruensysteme\\\/\",\"name\":\"TF Leicht Bauten Berlin GmbH: Gr\u00fcnsysteme\",\"isPartOf\":{\"@id\":\"https:\\\/\\\/www.bauten.berlin\\\/de\\\/#website\"},\"primaryImageOfPage\":{\"@id\":\"https:\\\/\\\/www.bauten.berlin\\\/de\\\/de-at\\\/gruensysteme\\\/#primaryimage\"},\"image\":{\"@id\":\"https:\\\/\\\/www.bauten.berlin\\\/de\\\/de-at\\\/gruensysteme\\\/#primaryimage\"},\"thumbnailUrl\":\"https:\\\/\\\/www.bauten.berlin\\\/de\\\/wp-content\\\/uploads\\\/2023\\\/10\\\/231019_lianas_trellis_render_hs.png\",\"datePublished\":\"2023-04-21T12:27:36+00:00\",\"dateModified\":\"2026-01-20T16:06:32+00:00\",\"description\":\"Hier finden Sie eine \u00dcbersicht der Gr\u00fcnsysteme der TF Leicht Bauten Berlin GmbH: Filigrane Konstruktionen im \u00f6ffentlichen Raum.\",\"breadcrumb\":{\"@id\":\"https:\\\/\\\/www.bauten.berlin\\\/de\\\/de-at\\\/gruensysteme\\\/#breadcrumb\"},\"inLanguage\":\"de\",\"potentialAction\":[{\"@type\":\"ReadAction\",\"target\":[\"https:\\\/\\\/www.bauten.berlin\\\/de\\\/de-at\\\/gruensysteme\\\/\"]}]},{\"@type\":\"ImageObject\",\"inLanguage\":\"de\",\"@id\":\"https:\\\/\\\/www.bauten.berlin\\\/de\\\/de-at\\\/gruensysteme\\\/#primaryimage\",\"url\":\"https:\\\/\\\/www.bauten.berlin\\\/de\\\/wp-content\\\/uploads\\\/2023\\\/10\\\/231019_lianas_trellis_render_hs.png\",\"contentUrl\":\"https:\\\/\\\/www.bauten.berlin\\\/de\\\/wp-content\\\/uploads\\\/2023\\\/10\\\/231019_lianas_trellis_render_hs.png\",\"width\":400,\"height\":400,\"caption\":\"LIANAS TRELLIS Ranksysteme\"},{\"@type\":\"BreadcrumbList\",\"@id\":\"https:\\\/\\\/www.bauten.berlin\\\/de\\\/de-at\\\/gruensysteme\\\/#breadcrumb\",\"itemListElement\":[{\"@type\":\"ListItem\",\"position\":1,\"name\":\"Leicht Bauten\",\"item\":\"https:\\\/\\\/www.bauten.berlin\\\/de\\\/\"},{\"@type\":\"ListItem\",\"position\":2,\"name\":\"Gr\u00fcnsysteme\"}]},{\"@type\":\"WebSite\",\"@id\":\"https:\\\/\\\/www.bauten.berlin\\\/de\\\/#website\",\"url\":\"https:\\\/\\\/www.bauten.berlin\\\/de\\\/\",\"name\":\"Leicht Bauten Berlin GmbH\",\"description\":\"Filigrane Konstruktionen im \u00f6ffentlichen Raum\",\"publisher\":{\"@id\":\"https:\\\/\\\/www.bauten.berlin\\\/de\\\/#organization\"},\"potentialAction\":[{\"@type\":\"SearchAction\",\"target\":{\"@type\":\"EntryPoint\",\"urlTemplate\":\"https:\\\/\\\/www.bauten.berlin\\\/de\\\/?s={search_term_string}\"},\"query-input\":{\"@type\":\"PropertyValueSpecification\",\"valueRequired\":true,\"valueName\":\"search_term_string\"}}],\"inLanguage\":\"de\"},{\"@type\":\"Organization\",\"@id\":\"https:\\\/\\\/www.bauten.berlin\\\/de\\\/#organization\",\"name\":\"Leicht Bauten Berlin GmbH\",\"url\":\"https:\\\/\\\/www.bauten.berlin\\\/de\\\/\",\"logo\":{\"@type\":\"ImageObject\",\"inLanguage\":\"de\",\"@id\":\"https:\\\/\\\/www.bauten.berlin\\\/de\\\/#\\\/schema\\\/logo\\\/image\\\/\",\"url\":\"https:\\\/\\\/www.bauten.berlin\\\/de\\\/wp-content\\\/uploads\\\/2023\\\/05\\\/cropped-favicon.png\",\"contentUrl\":\"https:\\\/\\\/www.bauten.berlin\\\/de\\\/wp-content\\\/uploads\\\/2023\\\/05\\\/cropped-favicon.png\",\"width\":512,\"height\":512,\"caption\":\"Leicht Bauten Berlin GmbH\"},\"image\":{\"@id\":\"https:\\\/\\\/www.bauten.berlin\\\/de\\\/#\\\/schema\\\/logo\\\/image\\\/\"}}]}<\/script>\n<!-- \/ Yoast SEO plugin. -->","yoast_head_json":{"title":"TF Leicht Bauten Berlin GmbH: Gr\u00fcnsysteme","description":"Hier finden Sie eine \u00dcbersicht der Gr\u00fcnsysteme der TF Leicht Bauten Berlin GmbH: Filigrane Konstruktionen im \u00f6ffentlichen Raum.","robots":{"index":"index","follow":"follow","max-snippet":"max-snippet:-1","max-image-preview":"max-image-preview:large","max-video-preview":"max-video-preview:-1"},"canonical":"https:\/\/www.bauten.berlin\/de\/de-at\/gruensysteme\/","og_locale":"de_DE","og_type":"article","og_title":"TF Leicht Bauten Berlin GmbH: Gr\u00fcnsysteme","og_description":"Hier finden Sie eine \u00dcbersicht der Gr\u00fcnsysteme der TF Leicht Bauten Berlin GmbH: Filigrane Konstruktionen im \u00f6ffentlichen Raum.","og_url":"https:\/\/www.bauten.berlin\/de\/de-at\/gruensysteme\/","og_site_name":"Leicht Bauten Berlin GmbH","article_modified_time":"2026-01-20T16:06:32+00:00","og_image":[{"url":"https:\/\/www.bauten.berlin\/de\/wp-content\/uploads\/2023\/10\/231019_lianas_trellis_render_hs.png","type":"","width":"","height":""}],"twitter_card":"summary_large_image","twitter_misc":{"Gesch\u00e4tzte Lesezeit":"1\u00a0Minute"},"schema":{"@context":"https:\/\/schema.org","@graph":[{"@type":"WebPage","@id":"https:\/\/www.bauten.berlin\/de\/de-at\/gruensysteme\/","url":"https:\/\/www.bauten.berlin\/de\/de-at\/gruensysteme\/","name":"TF Leicht Bauten Berlin GmbH: Gr\u00fcnsysteme","isPartOf":{"@id":"https:\/\/www.bauten.berlin\/de\/#website"},"primaryImageOfPage":{"@id":"https:\/\/www.bauten.berlin\/de\/de-at\/gruensysteme\/#primaryimage"},"image":{"@id":"https:\/\/www.bauten.berlin\/de\/de-at\/gruensysteme\/#primaryimage"},"thumbnailUrl":"https:\/\/www.bauten.berlin\/de\/wp-content\/uploads\/2023\/10\/231019_lianas_trellis_render_hs.png","datePublished":"2023-04-21T12:27:36+00:00","dateModified":"2026-01-20T16:06:32+00:00","description":"Hier finden Sie eine \u00dcbersicht der Gr\u00fcnsysteme der TF Leicht Bauten Berlin GmbH: Filigrane Konstruktionen im \u00f6ffentlichen Raum.","breadcrumb":{"@id":"https:\/\/www.bauten.berlin\/de\/de-at\/gruensysteme\/#breadcrumb"},"inLanguage":"de","potentialAction":[{"@type":"ReadAction","target":["https:\/\/www.bauten.berlin\/de\/de-at\/gruensysteme\/"]}]},{"@type":"ImageObject","inLanguage":"de","@id":"https:\/\/www.bauten.berlin\/de\/de-at\/gruensysteme\/#primaryimage","url":"https:\/\/www.bauten.berlin\/de\/wp-content\/uploads\/2023\/10\/231019_lianas_trellis_render_hs.png","contentUrl":"https:\/\/www.bauten.berlin\/de\/wp-content\/uploads\/2023\/10\/231019_lianas_trellis_render_hs.png","width":400,"height":400,"caption":"LIANAS TRELLIS Ranksysteme"},{"@type":"BreadcrumbList","@id":"https:\/\/www.bauten.berlin\/de\/de-at\/gruensysteme\/#breadcrumb","itemListElement":[{"@type":"ListItem","position":1,"name":"Leicht Bauten","item":"https:\/\/www.bauten.berlin\/de\/"},{"@type":"ListItem","position":2,"name":"Gr\u00fcnsysteme"}]},{"@type":"WebSite","@id":"https:\/\/www.bauten.berlin\/de\/#website","url":"https:\/\/www.bauten.berlin\/de\/","name":"Leicht Bauten Berlin GmbH","description":"Filigrane Konstruktionen im \u00f6ffentlichen Raum","publisher":{"@id":"https:\/\/www.bauten.berlin\/de\/#organization"},"potentialAction":[{"@type":"SearchAction","target":{"@type":"EntryPoint","urlTemplate":"https:\/\/www.bauten.berlin\/de\/?s={search_term_string}"},"query-input":{"@type":"PropertyValueSpecification","valueRequired":true,"valueName":"search_term_string"}}],"inLanguage":"de"},{"@type":"Organization","@id":"https:\/\/www.bauten.berlin\/de\/#organization","name":"Leicht Bauten Berlin GmbH","url":"https:\/\/www.bauten.berlin\/de\/","logo":{"@type":"ImageObject","inLanguage":"de","@id":"https:\/\/www.bauten.berlin\/de\/#\/schema\/logo\/image\/","url":"https:\/\/www.bauten.berlin\/de\/wp-content\/uploads\/2023\/05\/cropped-favicon.png","contentUrl":"https:\/\/www.bauten.berlin\/de\/wp-content\/uploads\/2023\/05\/cropped-favicon.png","width":512,"height":512,"caption":"Leicht Bauten Berlin GmbH"},"image":{"@id":"https:\/\/www.bauten.berlin\/de\/#\/schema\/logo\/image\/"}}]}},"_links":{"self":[{"href":"https:\/\/www.bauten.berlin\/de\/wp-json\/wp\/v2\/pages\/2756","targetHints":{"allow":["GET"]}}],"collection":[{"href":"https:\/\/www.bauten.berlin\/de\/wp-json\/wp\/v2\/pages"}],"about":[{"href":"https:\/\/www.bauten.berlin\/de\/wp-json\/wp\/v2\/types\/page"}],"author":[{"embeddable":true,"href":"https:\/\/www.bauten.berlin\/de\/wp-json\/wp\/v2\/users\/1"}],"replies":[{"embeddable":true,"href":"https:\/\/www.bauten.berlin\/de\/wp-json\/wp\/v2\/comments?post=2756"}],"version-history":[{"count":0,"href":"https:\/\/www.bauten.berlin\/de\/wp-json\/wp\/v2\/pages\/2756\/revisions"}],"wp:attachment":[{"href":"https:\/\/www.bauten.berlin\/de\/wp-json\/wp\/v2\/media?parent=2756"}],"curies":[{"name":"wp","href":"https:\/\/api.w.org\/{rel}","templated":true}]}}